{"id":233,"date":"2022-08-18T19:26:35","date_gmt":"2022-08-18T19:26:35","guid":{"rendered":"https:\/\/druzsoki.hu\/munkatarsak\/"},"modified":"2022-09-14T08:57:24","modified_gmt":"2022-09-14T08:57:24","slug":"team","status":"publish","type":"page","link":"https:\/\/druzsoki.hu\/en\/team\/","title":{"rendered":"Team"},"content":{"rendered":"<p>[et_pb_section fb_built=&#8221;1&#8243; admin_label=&#8221;Szakasz&#8221; _builder_version=&#8221;4.18.0&#8243; _module_preset=&#8221;default&#8221; background_image=&#8221;https:\/\/druzsoki.hu\/wp-content\/uploads\/2022\/08\/munkatarsaink.jpg&#8221; background_enable_video_mp4=&#8221;off&#8221; vertical_offset=&#8221;0px&#8221; custom_padding=&#8221;0px||0px||false|false&#8221; bottom_divider_style=&#8221;curve&#8221; bottom_divider_color=&#8221;#FFFFFF&#8221; bottom_divider_height=&#8221;50px&#8221; custom_css_before=&#8221;content:%22%22;||    display: block;||    position: absolute;||    top: 0;||    left: 0;||    width: 100%;||    height: 100%;||    background-color: rgba(0,1,56,0.7);||    z-index: 1;&#8221; global_colors_info=&#8221;{}&#8221;][et_pb_row _builder_version=&#8221;4.18.0&#8243; _module_preset=&#8221;default&#8221; background_enable_color=&#8221;off&#8221; custom_margin=&#8221;||||false|false&#8221; custom_padding=&#8221;100px||100px||false|false&#8221; global_colors_info=&#8221;{}&#8221;][et_pb_column type=&#8221;4_4&#8243; _builder_version=&#8221;4.18.0&#8243; _module_preset=&#8221;default&#8221; global_colors_info=&#8221;{}&#8221;][et_pb_text _builder_version=&#8221;4.18.0&#8243; _module_preset=&#8221;default&#8221; text_font=&#8221;Raleway|700||on|||||&#8221; text_text_color=&#8221;#FFFFFF&#8221; text_font_size=&#8221;50px&#8221; text_letter_spacing=&#8221;1px&#8221; text_line_height=&#8221;1.5em&#8221; text_orientation=&#8221;center&#8221; custom_margin=&#8221;||0px|100px|false|false&#8221; custom_padding=&#8221;||0px||false|false&#8221; text_font_size_tablet=&#8221;30px&#8221; text_font_size_phone=&#8221;24px&#8221; text_font_size_last_edited=&#8221;on|desktop&#8221; global_colors_info=&#8221;{}&#8221;]<\/p>\n<p>Team<\/p>\n<p>[\/et_pb_text][\/et_pb_column][\/et_pb_row][\/et_pb_section][et_pb_section fb_built=&#8221;1&#8243; module_id=&#8221;uzsokilaszlo&#8221; _builder_version=&#8221;4.18.0&#8243; _module_preset=&#8221;default&#8221; bottom_divider_height=&#8221;50px&#8221; global_colors_info=&#8221;{}&#8221;][et_pb_row _builder_version=&#8221;4.18.0&#8243; _module_preset=&#8221;default&#8221; global_colors_info=&#8221;{}&#8221;][et_pb_column type=&#8221;4_4&#8243; _builder_version=&#8221;4.18.0&#8243; _module_preset=&#8221;default&#8221; global_colors_info=&#8221;{}&#8221;][et_pb_text _builder_version=&#8221;4.18.0&#8243; _module_preset=&#8221;default&#8221; text_font=&#8221;Raleway|800||on|||||&#8221; text_text_color=&#8221;#34358c&#8221; text_font_size=&#8221;18px&#8221; text_letter_spacing=&#8221;1px&#8221; text_orientation=&#8221;center&#8221; hover_enabled=&#8221;0&#8243; global_colors_info=&#8221;{}&#8221; sticky_enabled=&#8221;0&#8243;]<\/p>\n<p>ABOUT US<\/p>\n<p>[\/et_pb_text][\/et_pb_column][\/et_pb_row][et_pb_row column_structure=&#8221;1_3,2_3&#8243; _builder_version=&#8221;4.18.0&#8243; _module_preset=&#8221;default&#8221; global_colors_info=&#8221;{}&#8221;][et_pb_column type=&#8221;1_3&#8243; _builder_version=&#8221;4.18.0&#8243; _module_preset=&#8221;default&#8221; custom_padding=&#8221;||||false|false&#8221; global_colors_info=&#8221;{}&#8221;][et_pb_image src=&#8221;https:\/\/druzsoki.hu\/wp-content\/uploads\/2022\/08\/dr.-Uzsoki-Laszlo-2.jpg&#8221; title_text=&#8221;dr. Uzsoki Laszlo 2&#8243; _builder_version=&#8221;4.18.0&#8243; _module_preset=&#8221;default&#8221; global_colors_info=&#8221;{}&#8221;][\/et_pb_image][et_pb_social_media_follow icon_color=&#8221;#34358c&#8221; _builder_version=&#8221;4.18.0&#8243; _module_preset=&#8221;default&#8221; text_orientation=&#8221;center&#8221; global_colors_info=&#8221;{}&#8221;][et_pb_social_media_follow_network social_network=&#8221;linkedin&#8221; url=&#8221;https:\/\/www.linkedin.com\/in\/l%C3%A1szl%C3%B3-uzsoki-67b04491\/&#8221; icon_color=&#8221;#ffffff&#8221; _builder_version=&#8221;4.18.0&#8243; _module_preset=&#8221;default&#8221; background_color=&#8221;#007bb6&#8243; custom_button=&#8221;on&#8221; button_text_color=&#8221;#FFFFFF&#8221; button_bg_color=&#8221;#34358c&#8221; global_colors_info=&#8221;{}&#8221; follow_button=&#8221;off&#8221; url_new_window=&#8221;on&#8221;]linkedin[\/et_pb_social_media_follow_network][\/et_pb_social_media_follow][\/et_pb_column][et_pb_column type=&#8221;2_3&#8243; _builder_version=&#8221;4.18.0&#8243; _module_preset=&#8221;default&#8221; custom_padding=&#8221;|||3%|false|false&#8221; border_width_left=&#8221;1px&#8221; global_colors_info=&#8221;{}&#8221;][et_pb_text _builder_version=&#8221;4.18.0&#8243; _module_preset=&#8221;default&#8221; text_font=&#8221;Raleway|600|||||||&#8221; text_text_color=&#8221;#000000&#8243; text_font_size=&#8221;30px&#8221; text_line_height=&#8221;1.5em&#8221; custom_margin=&#8221;||0px||false|false&#8221; custom_padding=&#8221;||0px||false|false&#8221; text_font_size_tablet=&#8221;24px&#8221; text_font_size_phone=&#8221;22px&#8221; text_font_size_last_edited=&#8221;on|phone&#8221; global_colors_info=&#8221;{}&#8221;]<\/p>\n<p>Dr. L\u00e1szl\u00f3 Uzsoki LL.M.<\/p>\n<p>[\/et_pb_text][et_pb_text _builder_version=&#8221;4.18.0&#8243; _module_preset=&#8221;default&#8221; text_font=&#8221;Raleway||||||||&#8221; text_text_color=&#8221;#34358c&#8221; text_font_size=&#8221;18px&#8221; text_letter_spacing=&#8221;1px&#8221; custom_margin=&#8221;0px||||false|false&#8221; custom_padding=&#8221;0px||||false|false&#8221; global_colors_info=&#8221;{}&#8221;]<\/p>\n<p>managing partner<\/p>\n<p>[\/et_pb_text][et_pb_text _builder_version=&#8221;4.18.0&#8243; _module_preset=&#8221;default&#8221; text_orientation=&#8221;justified&#8221; global_colors_info=&#8221;{}&#8221;]<\/p>\n<p>As managing partner L\u00e1szl\u00f3 Uzsoki has more than 20 years of experience in several areas of economic law. He also worked in multinational corporate environment during his attorney career. As legal director he managed the Hungarian and regional legal team of MOL Hungarian Oil and Gas Plc for several years, when he was in charge of the legal support provided for the activities of MOL Plc and companies of the MOL Group in Hungary, Romania, Serbia, Slovenia and Ukraine. He contributed to the organisational restructuring aimed at separating the national and group level activities of MOL Plc, furthermore, participated in selling the share MOL had in the Algy\u0151 gas storage company.<\/p>\n<p>He specializes in company law, corporate governance cases and M&amp;A transactions. He has several years of experience in the field of capital market regulations applicable for public limited companies and also unbundling regulations governing actors of the natural gas and electricity industry.<\/p>\n<p>Presently he is member of the supervisory board at several corporations and the Corporate Governance Committee of the Budapest Stock Exchange.<\/p>\n<p>He graduated in law at the University of P\u00e9cs in 1998. At ELTE Institute for Postgraduate Legal Studies he obtained European law LL.M degree in 2002. He also has an accounting qualification, his working language is English and Hungarian.<\/p>\n<p>[\/et_pb_text][\/et_pb_column][\/et_pb_row][\/et_pb_section][et_pb_section fb_built=&#8221;1&#8243; prev_background_color=&#8221;#ffffff&#8221; _builder_version=&#8221;4.18.0&#8243; _module_preset=&#8221;default&#8221; background_color=&#8221;#f7f7f7&#8243; top_divider_style=&#8221;curve&#8221; top_divider_height=&#8221;50px&#8221; global_colors_info=&#8221;{}&#8221;][et_pb_row column_structure=&#8221;1_3,2_3&#8243; _builder_version=&#8221;4.18.0&#8243; _module_preset=&#8221;default&#8221; global_colors_info=&#8221;{}&#8221;][et_pb_column type=&#8221;1_3&#8243; _builder_version=&#8221;4.18.0&#8243; _module_preset=&#8221;default&#8221; custom_padding=&#8221;||||false|false&#8221; global_colors_info=&#8221;{}&#8221;][et_pb_image src=&#8221;https:\/\/druzsoki.hu\/wp-content\/uploads\/2022\/08\/Dr.-Landini-Palko-Barbara.jpg&#8221; title_text=&#8221;Dr. Landini-Palko Barbara&#8221; _builder_version=&#8221;4.18.0&#8243; _module_preset=&#8221;default&#8221; global_colors_info=&#8221;{}&#8221;][\/et_pb_image][\/et_pb_column][et_pb_column type=&#8221;2_3&#8243; _builder_version=&#8221;4.18.0&#8243; _module_preset=&#8221;default&#8221; custom_padding=&#8221;|||3%|false|false&#8221; border_width_left=&#8221;1px&#8221; global_colors_info=&#8221;{}&#8221;][et_pb_text _builder_version=&#8221;4.18.0&#8243; _module_preset=&#8221;default&#8221; text_font=&#8221;Raleway|600|||||||&#8221; text_text_color=&#8221;#000000&#8243; text_font_size=&#8221;30px&#8221; text_line_height=&#8221;1.5em&#8221; custom_margin=&#8221;||0px||false|false&#8221; custom_padding=&#8221;||0px||false|false&#8221; text_font_size_tablet=&#8221;24px&#8221; text_font_size_phone=&#8221;22px&#8221; text_font_size_last_edited=&#8221;on|phone&#8221; global_colors_info=&#8221;{}&#8221;]<\/p>\n<p>Dr. Barbara Landini-Palk\u00f3<\/p>\n<p>[\/et_pb_text][et_pb_text _builder_version=&#8221;4.18.0&#8243; _module_preset=&#8221;default&#8221; text_font=&#8221;Raleway||||||||&#8221; text_text_color=&#8221;#34358c&#8221; text_font_size=&#8221;18px&#8221; text_letter_spacing=&#8221;1px&#8221; custom_margin=&#8221;0px||||false|false&#8221; custom_padding=&#8221;0px||||false|false&#8221; global_colors_info=&#8221;{}&#8221;]<\/p>\n<p>employed lawyer<\/p>\n<p>[\/et_pb_text][et_pb_text _builder_version=&#8221;4.18.0&#8243; _module_preset=&#8221;default&#8221; text_orientation=&#8221;justified&#8221; global_colors_info=&#8221;{}&#8221;]<\/p>\n<p>She started her career at a law firm, then also worked in corporate multinational environment, dealing with different areas of the law. Her focus is economic law, especially company law and the legal support of national and international trade, in terms of which she gained considerable experience as the in-house legal counsel of MOL Group. She was engaged in the project supporting the separation of group level and local activities at the organisational operation of MOL Plc., as well as in drafting the standard agreements affecting the sector in the trading field of MOL Group.<\/p>\n<p>She graduated in law in 2004 and passed the bar exam in 2007. She has accounting and chartered accountant qualification. Her working language is English and Hungarian, she also has a language exam in Japanese. She is a mother of two.<\/p>\n<p>[\/et_pb_text][\/et_pb_column][\/et_pb_row][\/et_pb_section]<\/p>\n","protected":false},"excerpt":{"rendered":"<p>TeamABOUT USDr. L\u00e1szl\u00f3 Uzsoki LL.M.managing partnerAs managing partner L\u00e1szl\u00f3 Uzsoki has more than 20 years of experience in several areas of economic law. He also worked in multinational corporate environment during his attorney career. As legal director he managed the Hungarian and regional legal team of MOL Hungarian Oil and Gas Plc for several years, [&hellip;]<\/p>\n","protected":false},"author":1,"featured_media":0,"parent":0,"menu_order":0,"comment_status":"closed","ping_status":"closed","template":"","meta":{"_et_pb_use_builder":"on","_et_pb_old_content":"","_et_gb_content_width":"","footnotes":""},"class_list":["post-233","page","type-page","status-publish","hentry"],"yoast_head":"<!-- This site is optimized with the Yoast SEO plugin v27.2 - https:\/\/yoast.com\/product\/yoast-seo-wordpress\/ -->\n<title>Team - Uzsoki \u00dcgyv\u00e9di Iroda<\/title>\n<meta name=\"robots\" content=\"index, follow, max-snippet:-1, max-image-preview:large, max-video-preview:-1\" \/>\n<link rel=\"canonical\" href=\"https:\/\/druzsoki.hu\/en\/team\/\" \/>\n<meta property=\"og:locale\" content=\"en_US\" \/>\n<meta property=\"og:type\" content=\"article\" \/>\n<meta property=\"og:title\" content=\"Team - Uzsoki \u00dcgyv\u00e9di Iroda\" \/>\n<meta property=\"og:description\" content=\"TeamABOUT USDr. L\u00e1szl\u00f3 Uzsoki LL.M.managing partnerAs managing partner L\u00e1szl\u00f3 Uzsoki has more than 20 years of experience in several areas of economic law. He also worked in multinational corporate environment during his attorney career. As legal director he managed the Hungarian and regional legal team of MOL Hungarian Oil and Gas Plc for several years, [&hellip;]\" \/>\n<meta property=\"og:url\" content=\"https:\/\/druzsoki.hu\/en\/team\/\" \/>\n<meta property=\"og:site_name\" content=\"Uzsoki \u00dcgyv\u00e9di Iroda\" \/>\n<meta property=\"article:modified_time\" content=\"2022-09-14T08:57:24+00:00\" \/>\n<meta property=\"og:image\" content=\"https:\/\/druzsoki.hu\/wp-content\/uploads\/2022\/09\/Uzsoki-Ugyvedi-Iroda-og.jpg\" \/>\n\t<meta property=\"og:image:width\" content=\"1125\" \/>\n\t<meta property=\"og:image:height\" content=\"633\" \/>\n\t<meta property=\"og:image:type\" content=\"image\/jpeg\" \/>\n<meta name=\"twitter:card\" content=\"summary_large_image\" \/>\n<meta name=\"twitter:label1\" content=\"Est. reading time\" \/>\n\t<meta name=\"twitter:data1\" content=\"6 minutes\" \/>\n<script type=\"application\/ld+json\" class=\"yoast-schema-graph\">{\"@context\":\"https:\/\/schema.org\",\"@graph\":[{\"@type\":\"WebPage\",\"@id\":\"https:\/\/druzsoki.hu\/en\/team\/\",\"url\":\"https:\/\/druzsoki.hu\/en\/team\/\",\"name\":\"Team - Uzsoki \u00dcgyv\u00e9di Iroda\",\"isPartOf\":{\"@id\":\"https:\/\/druzsoki.hu\/#website\"},\"datePublished\":\"2022-08-18T19:26:35+00:00\",\"dateModified\":\"2022-09-14T08:57:24+00:00\",\"breadcrumb\":{\"@id\":\"https:\/\/druzsoki.hu\/en\/team\/#breadcrumb\"},\"inLanguage\":\"en-US\",\"potentialAction\":[{\"@type\":\"ReadAction\",\"target\":[\"https:\/\/druzsoki.hu\/en\/team\/\"]}]},{\"@type\":\"BreadcrumbList\",\"@id\":\"https:\/\/druzsoki.hu\/en\/team\/#breadcrumb\",\"itemListElement\":[{\"@type\":\"ListItem\",\"position\":1,\"name\":\"Kezd\u0151lap\",\"item\":\"https:\/\/druzsoki.hu\/en\/\"},{\"@type\":\"ListItem\",\"position\":2,\"name\":\"Team\"}]},{\"@type\":\"WebSite\",\"@id\":\"https:\/\/druzsoki.hu\/#website\",\"url\":\"https:\/\/druzsoki.hu\/\",\"name\":\"Uzsoki \u00dcgyv\u00e9di Iroda\",\"description\":\"Egy \u00fajabb WordPress honlap\",\"potentialAction\":[{\"@type\":\"SearchAction\",\"target\":{\"@type\":\"EntryPoint\",\"urlTemplate\":\"https:\/\/druzsoki.hu\/?s={search_term_string}\"},\"query-input\":{\"@type\":\"PropertyValueSpecification\",\"valueRequired\":true,\"valueName\":\"search_term_string\"}}],\"inLanguage\":\"en-US\"}]}<\/script>\n<!-- \/ Yoast SEO plugin. -->","yoast_head_json":{"title":"Team - Uzsoki \u00dcgyv\u00e9di Iroda","robots":{"index":"index","follow":"follow","max-snippet":"max-snippet:-1","max-image-preview":"max-image-preview:large","max-video-preview":"max-video-preview:-1"},"canonical":"https:\/\/druzsoki.hu\/en\/team\/","og_locale":"en_US","og_type":"article","og_title":"Team - Uzsoki \u00dcgyv\u00e9di Iroda","og_description":"TeamABOUT USDr. L\u00e1szl\u00f3 Uzsoki LL.M.managing partnerAs managing partner L\u00e1szl\u00f3 Uzsoki has more than 20 years of experience in several areas of economic law. He also worked in multinational corporate environment during his attorney career. As legal director he managed the Hungarian and regional legal team of MOL Hungarian Oil and Gas Plc for several years, [&hellip;]","og_url":"https:\/\/druzsoki.hu\/en\/team\/","og_site_name":"Uzsoki \u00dcgyv\u00e9di Iroda","article_modified_time":"2022-09-14T08:57:24+00:00","og_image":[{"width":1125,"height":633,"url":"https:\/\/druzsoki.hu\/wp-content\/uploads\/2022\/09\/Uzsoki-Ugyvedi-Iroda-og.jpg","type":"image\/jpeg"}],"twitter_card":"summary_large_image","twitter_misc":{"Est. reading time":"6 minutes"},"schema":{"@context":"https:\/\/schema.org","@graph":[{"@type":"WebPage","@id":"https:\/\/druzsoki.hu\/en\/team\/","url":"https:\/\/druzsoki.hu\/en\/team\/","name":"Team - Uzsoki \u00dcgyv\u00e9di Iroda","isPartOf":{"@id":"https:\/\/druzsoki.hu\/#website"},"datePublished":"2022-08-18T19:26:35+00:00","dateModified":"2022-09-14T08:57:24+00:00","breadcrumb":{"@id":"https:\/\/druzsoki.hu\/en\/team\/#breadcrumb"},"inLanguage":"en-US","potentialAction":[{"@type":"ReadAction","target":["https:\/\/druzsoki.hu\/en\/team\/"]}]},{"@type":"BreadcrumbList","@id":"https:\/\/druzsoki.hu\/en\/team\/#breadcrumb","itemListElement":[{"@type":"ListItem","position":1,"name":"Kezd\u0151lap","item":"https:\/\/druzsoki.hu\/en\/"},{"@type":"ListItem","position":2,"name":"Team"}]},{"@type":"WebSite","@id":"https:\/\/druzsoki.hu\/#website","url":"https:\/\/druzsoki.hu\/","name":"Uzsoki \u00dcgyv\u00e9di Iroda","description":"Egy \u00fajabb WordPress honlap","potentialAction":[{"@type":"SearchAction","target":{"@type":"EntryPoint","urlTemplate":"https:\/\/druzsoki.hu\/?s={search_term_string}"},"query-input":{"@type":"PropertyValueSpecification","valueRequired":true,"valueName":"search_term_string"}}],"inLanguage":"en-US"}]}},"_links":{"self":[{"href":"https:\/\/druzsoki.hu\/en\/wp-json\/wp\/v2\/pages\/233","targetHints":{"allow":["GET"]}}],"collection":[{"href":"https:\/\/druzsoki.hu\/en\/wp-json\/wp\/v2\/pages"}],"about":[{"href":"https:\/\/druzsoki.hu\/en\/wp-json\/wp\/v2\/types\/page"}],"author":[{"embeddable":true,"href":"https:\/\/druzsoki.hu\/en\/wp-json\/wp\/v2\/users\/1"}],"replies":[{"embeddable":true,"href":"https:\/\/druzsoki.hu\/en\/wp-json\/wp\/v2\/comments?post=233"}],"version-history":[{"count":3,"href":"https:\/\/druzsoki.hu\/en\/wp-json\/wp\/v2\/pages\/233\/revisions"}],"predecessor-version":[{"id":282,"href":"https:\/\/druzsoki.hu\/en\/wp-json\/wp\/v2\/pages\/233\/revisions\/282"}],"wp:attachment":[{"href":"https:\/\/druzsoki.hu\/en\/wp-json\/wp\/v2\/media?parent=233"}],"curies":[{"name":"wp","href":"https:\/\/api.w.org\/{rel}","templated":true}]}}