{"id":232,"date":"2022-08-18T19:26:46","date_gmt":"2022-08-18T19:26:46","guid":{"rendered":"https:\/\/druzsoki.hu\/kiemelt-szakteruletek\/"},"modified":"2022-09-14T08:33:54","modified_gmt":"2022-09-14T08:33:54","slug":"main-practice-areas","status":"publish","type":"page","link":"https:\/\/druzsoki.hu\/en\/main-practice-areas\/","title":{"rendered":"Main practice areas"},"content":{"rendered":"<p>[et_pb_section fb_built=&#8221;1&#8243; admin_label=&#8221;Szakasz&#8221; _builder_version=&#8221;4.18.0&#8243; _module_preset=&#8221;default&#8221; background_image=&#8221;https:\/\/druzsoki.hu\/wp-content\/uploads\/2022\/08\/kiemelt-szakteruletek-background.jpg&#8221; background_enable_video_mp4=&#8221;off&#8221; vertical_offset=&#8221;0px&#8221; custom_padding=&#8221;0px||0px||false|false&#8221; bottom_divider_style=&#8221;curve&#8221; bottom_divider_color=&#8221;#FFFFFF&#8221; bottom_divider_height=&#8221;50px&#8221; custom_css_before=&#8221;content:%22%22;||    display: block;||    position: absolute;||    top: 0;||    left: 0;||    width: 100%;||    height: 100%;||    background-color: rgba(0,1,56,0.7);||    z-index: 1;&#8221; global_colors_info=&#8221;{}&#8221;][et_pb_row _builder_version=&#8221;4.18.0&#8243; _module_preset=&#8221;default&#8221; background_enable_color=&#8221;off&#8221; custom_margin=&#8221;||||false|false&#8221; custom_padding=&#8221;100px||100px||false|false&#8221; global_colors_info=&#8221;{}&#8221;][et_pb_column type=&#8221;4_4&#8243; _builder_version=&#8221;4.18.0&#8243; _module_preset=&#8221;default&#8221; global_colors_info=&#8221;{}&#8221;][et_pb_text _builder_version=&#8221;4.18.0&#8243; _module_preset=&#8221;default&#8221; text_font=&#8221;Raleway|700||on|||||&#8221; text_text_color=&#8221;#FFFFFF&#8221; text_font_size=&#8221;50px&#8221; text_letter_spacing=&#8221;1px&#8221; text_line_height=&#8221;1.5em&#8221; text_orientation=&#8221;center&#8221; custom_margin=&#8221;||0px|100px|false|false&#8221; custom_padding=&#8221;||0px||false|false&#8221; text_font_size_tablet=&#8221;30px&#8221; text_font_size_phone=&#8221;24px&#8221; text_font_size_last_edited=&#8221;on|desktop&#8221; global_colors_info=&#8221;{}&#8221;]<\/p>\n<p>Main practice areas<\/p>\n<p>[\/et_pb_text][\/et_pb_column][\/et_pb_row][\/et_pb_section][et_pb_section fb_built=&#8221;1&#8243; module_id=&#8221;corporatelaw&#8221; _builder_version=&#8221;4.18.0&#8243; _module_preset=&#8221;default&#8221; bottom_divider_height=&#8221;50px&#8221; hover_enabled=&#8221;0&#8243; global_colors_info=&#8221;{}&#8221; sticky_enabled=&#8221;0&#8243;][et_pb_row column_structure=&#8221;1_2,1_2&#8243; make_equal=&#8221;on&#8221; _builder_version=&#8221;4.18.0&#8243; _module_preset=&#8221;default&#8221; global_colors_info=&#8221;{}&#8221;][et_pb_column type=&#8221;1_2&#8243; module_class=&#8221;vertical-align&#8221; _builder_version=&#8221;4.18.0&#8243; _module_preset=&#8221;default&#8221; custom_padding=&#8221;|4%|||false|false&#8221; border_width_right=&#8221;1px&#8221; global_colors_info=&#8221;{}&#8221;][et_pb_image src=&#8221;https:\/\/druzsoki.hu\/wp-content\/uploads\/2022\/08\/tarsasagi-jog-1.jpg&#8221; title_text=&#8221;Top view of business planning and brainstorming concept&#8221; _builder_version=&#8221;4.18.0&#8243; _module_preset=&#8221;default&#8221; global_colors_info=&#8221;{}&#8221;][\/et_pb_image][\/et_pb_column][et_pb_column type=&#8221;1_2&#8243; module_class=&#8221;vertical-align&#8221; _builder_version=&#8221;4.18.0&#8243; _module_preset=&#8221;default&#8221; global_colors_info=&#8221;{}&#8221;][et_pb_text _builder_version=&#8221;4.18.0&#8243; _module_preset=&#8221;default&#8221; text_font=&#8221;Raleway|600|||||||&#8221; text_text_color=&#8221;#34358c&#8221; text_font_size=&#8221;20px&#8221; text_line_height=&#8221;1.5em&#8221; header_2_font=&#8221;|600|||||||&#8221; header_2_text_color=&#8221;#34358c&#8221; header_2_font_size=&#8221;20px&#8221; global_colors_info=&#8221;{}&#8221;]<\/p>\n<h2>Corporate law, company law<\/h2>\n<p>[\/et_pb_text][et_pb_text _builder_version=&#8221;4.18.0&#8243; _module_preset=&#8221;default&#8221; global_colors_info=&#8221;{}&#8221;]<\/p>\n<ul>\n<li>company law issues related to foundation and operation of business associations<\/li>\n<li>complex corporate law transactions (merger, division, capital transactions)<\/li>\n<li>the legal environment of public limited (listed) companies, capital market regulations<\/li>\n<li>complex corporate governance issues concerning the operation of multinational corporations, groups<\/li>\n<\/ul>\n<p>[\/et_pb_text][\/et_pb_column][\/et_pb_row][\/et_pb_section][et_pb_section fb_built=&#8221;1&#8243; prev_background_color=&#8221;#ffffff&#8221; next_background_color=&#8221;#ffffff&#8221; module_id=&#8221;ma&#8221; _builder_version=&#8221;4.18.0&#8243; _module_preset=&#8221;default&#8221; background_color=&#8221;#f7f7f7&#8243; custom_padding=&#8221;||||false|false&#8221; top_divider_style=&#8221;curve&#8221; top_divider_height=&#8221;50px&#8221; bottom_divider_style=&#8221;curve&#8221; bottom_divider_height=&#8221;50px&#8221; bottom_divider_flip=&#8221;vertical&#8221; global_colors_info=&#8221;{}&#8221;][et_pb_row column_structure=&#8221;1_2,1_2&#8243; make_equal=&#8221;on&#8221; _builder_version=&#8221;4.18.0&#8243; _module_preset=&#8221;default&#8221; custom_margin=&#8221;20px||20px||false|false&#8221; global_colors_info=&#8221;{}&#8221;][et_pb_column type=&#8221;1_2&#8243; module_class=&#8221;vertical-align&#8221; _builder_version=&#8221;4.18.0&#8243; _module_preset=&#8221;default&#8221; custom_padding=&#8221;|4%|||false|false&#8221; border_width_right=&#8221;1px&#8221; global_colors_info=&#8221;{}&#8221;][et_pb_text _builder_version=&#8221;4.18.0&#8243; _module_preset=&#8221;default&#8221; text_font=&#8221;Raleway|600|||||||&#8221; text_text_color=&#8221;#34358c&#8221; text_font_size=&#8221;20px&#8221; text_line_height=&#8221;1.5em&#8221; header_2_font=&#8221;|600|||||||&#8221; header_2_text_color=&#8221;#34358c&#8221; header_2_font_size=&#8221;20px&#8221; global_colors_info=&#8221;{}&#8221;]<\/p>\n<h2>Mergers &amp; Acquisitions<\/h2>\n<p>[\/et_pb_text][et_pb_text _builder_version=&#8221;4.18.0&#8243; _module_preset=&#8221;default&#8221; global_colors_info=&#8221;{}&#8221;]<\/p>\n<ul>\n<li>legal tasks regarding M&amp;A transactions both at acquirer and seller\/target side<\/li>\n<li>creation of joint ventures, establishment of management structures<\/li>\n<li>drafting of syndicate agreements<\/li>\n<\/ul>\n<p>[\/et_pb_text][\/et_pb_column][et_pb_column type=&#8221;1_2&#8243; module_class=&#8221;vertical-align&#8221; _builder_version=&#8221;4.18.0&#8243; _module_preset=&#8221;default&#8221; global_colors_info=&#8221;{}&#8221;][et_pb_image src=&#8221;https:\/\/druzsoki.hu\/wp-content\/uploads\/2022\/08\/ma.jpg&#8221; title_text=&#8221;Business teamwork and cooperation concept&#8221; _builder_version=&#8221;4.18.0&#8243; _module_preset=&#8221;default&#8221; global_colors_info=&#8221;{}&#8221;][\/et_pb_image][\/et_pb_column][\/et_pb_row][\/et_pb_section][et_pb_section fb_built=&#8221;1&#8243; module_id=&#8221;energylaw&#8221; _builder_version=&#8221;4.18.0&#8243; _module_preset=&#8221;default&#8221; bottom_divider_height=&#8221;50px&#8221; hover_enabled=&#8221;0&#8243; global_colors_info=&#8221;{}&#8221; sticky_enabled=&#8221;0&#8243;][et_pb_row column_structure=&#8221;1_2,1_2&#8243; make_equal=&#8221;on&#8221; _builder_version=&#8221;4.18.0&#8243; _module_preset=&#8221;default&#8221; global_colors_info=&#8221;{}&#8221;][et_pb_column type=&#8221;1_2&#8243; module_class=&#8221;vertical-align&#8221; _builder_version=&#8221;4.18.0&#8243; _module_preset=&#8221;default&#8221; custom_padding=&#8221;|4%|||false|false&#8221; border_width_right=&#8221;1px&#8221; global_colors_info=&#8221;{}&#8221;][et_pb_image src=&#8221;https:\/\/druzsoki.hu\/wp-content\/uploads\/2022\/08\/energiajog.jpg&#8221; title_text=&#8221;Conceptual image of vision and teamwork&#8221; _builder_version=&#8221;4.18.0&#8243; _module_preset=&#8221;default&#8221; global_colors_info=&#8221;{}&#8221;][\/et_pb_image][\/et_pb_column][et_pb_column type=&#8221;1_2&#8243; module_class=&#8221;vertical-align&#8221; _builder_version=&#8221;4.18.0&#8243; _module_preset=&#8221;default&#8221; global_colors_info=&#8221;{}&#8221;][et_pb_text _builder_version=&#8221;4.18.0&#8243; _module_preset=&#8221;default&#8221; text_font=&#8221;Raleway|600|||||||&#8221; text_text_color=&#8221;#34358c&#8221; text_font_size=&#8221;20px&#8221; text_line_height=&#8221;1.5em&#8221; header_2_font=&#8221;|600|||||||&#8221; header_2_text_color=&#8221;#34358c&#8221; header_2_font_size=&#8221;20px&#8221; global_colors_info=&#8221;{}&#8221;]<\/p>\n<h2>Energy law<\/h2>\n<p>[\/et_pb_text][et_pb_text _builder_version=&#8221;4.18.0&#8243; _module_preset=&#8221;default&#8221; global_colors_info=&#8221;{}&#8221;]<\/p>\n<ul>\n<li>regulation governing the actors of the natural gas and electricity industry (particularly unbundling issues)<\/li>\n<\/ul>\n<p>[\/et_pb_text][\/et_pb_column][\/et_pb_row][\/et_pb_section]<\/p>\n","protected":false},"excerpt":{"rendered":"<p>Main practice areasCorporate law, company law company law issues related to foundation and operation of business associations complex corporate law transactions (merger, division, capital transactions) the legal environment of public limited (listed) companies, capital market regulations complex corporate governance issues concerning the operation of multinational corporations, groups Mergers &amp; Acquisitions legal tasks regarding M&amp;A transactions [&hellip;]<\/p>\n","protected":false},"author":1,"featured_media":0,"parent":0,"menu_order":0,"comment_status":"closed","ping_status":"closed","template":"","meta":{"_et_pb_use_builder":"on","_et_pb_old_content":"","_et_gb_content_width":"","footnotes":""},"class_list":["post-232","page","type-page","status-publish","hentry"],"yoast_head":"<!-- This site is optimized with the Yoast SEO plugin v27.2 - https:\/\/yoast.com\/product\/yoast-seo-wordpress\/ -->\n<title>Main practice areas - Uzsoki \u00dcgyv\u00e9di Iroda<\/title>\n<meta name=\"robots\" content=\"index, follow, max-snippet:-1, max-image-preview:large, max-video-preview:-1\" \/>\n<link rel=\"canonical\" href=\"https:\/\/druzsoki.hu\/en\/main-practice-areas\/\" \/>\n<meta property=\"og:locale\" content=\"en_US\" \/>\n<meta property=\"og:type\" content=\"article\" \/>\n<meta property=\"og:title\" content=\"Main practice areas - Uzsoki \u00dcgyv\u00e9di Iroda\" \/>\n<meta property=\"og:description\" content=\"Main practice areasCorporate law, company law company law issues related to foundation and operation of business associations complex corporate law transactions (merger, division, capital transactions) the legal environment of public limited (listed) companies, capital market regulations complex corporate governance issues concerning the operation of multinational corporations, groups Mergers &amp; Acquisitions legal tasks regarding M&amp;A transactions [&hellip;]\" \/>\n<meta property=\"og:url\" content=\"https:\/\/druzsoki.hu\/en\/main-practice-areas\/\" \/>\n<meta property=\"og:site_name\" content=\"Uzsoki \u00dcgyv\u00e9di Iroda\" \/>\n<meta property=\"article:modified_time\" content=\"2022-09-14T08:33:54+00:00\" \/>\n<meta property=\"og:image\" content=\"https:\/\/druzsoki.hu\/wp-content\/uploads\/2022\/09\/Uzsoki-Ugyvedi-Iroda-og.jpg\" \/>\n\t<meta property=\"og:image:width\" content=\"1125\" \/>\n\t<meta property=\"og:image:height\" content=\"633\" \/>\n\t<meta property=\"og:image:type\" content=\"image\/jpeg\" \/>\n<meta name=\"twitter:card\" content=\"summary_large_image\" \/>\n<meta name=\"twitter:label1\" content=\"Est. reading time\" \/>\n\t<meta name=\"twitter:data1\" content=\"4 minutes\" \/>\n<script type=\"application\/ld+json\" class=\"yoast-schema-graph\">{\"@context\":\"https:\/\/schema.org\",\"@graph\":[{\"@type\":\"WebPage\",\"@id\":\"https:\/\/druzsoki.hu\/en\/main-practice-areas\/\",\"url\":\"https:\/\/druzsoki.hu\/en\/main-practice-areas\/\",\"name\":\"Main practice areas - Uzsoki \u00dcgyv\u00e9di Iroda\",\"isPartOf\":{\"@id\":\"https:\/\/druzsoki.hu\/#website\"},\"datePublished\":\"2022-08-18T19:26:46+00:00\",\"dateModified\":\"2022-09-14T08:33:54+00:00\",\"breadcrumb\":{\"@id\":\"https:\/\/druzsoki.hu\/en\/main-practice-areas\/#breadcrumb\"},\"inLanguage\":\"en-US\",\"potentialAction\":[{\"@type\":\"ReadAction\",\"target\":[\"https:\/\/druzsoki.hu\/en\/main-practice-areas\/\"]}]},{\"@type\":\"BreadcrumbList\",\"@id\":\"https:\/\/druzsoki.hu\/en\/main-practice-areas\/#breadcrumb\",\"itemListElement\":[{\"@type\":\"ListItem\",\"position\":1,\"name\":\"Kezd\u0151lap\",\"item\":\"https:\/\/druzsoki.hu\/en\/\"},{\"@type\":\"ListItem\",\"position\":2,\"name\":\"Main practice areas\"}]},{\"@type\":\"WebSite\",\"@id\":\"https:\/\/druzsoki.hu\/#website\",\"url\":\"https:\/\/druzsoki.hu\/\",\"name\":\"Uzsoki \u00dcgyv\u00e9di Iroda\",\"description\":\"Egy \u00fajabb WordPress honlap\",\"potentialAction\":[{\"@type\":\"SearchAction\",\"target\":{\"@type\":\"EntryPoint\",\"urlTemplate\":\"https:\/\/druzsoki.hu\/?s={search_term_string}\"},\"query-input\":{\"@type\":\"PropertyValueSpecification\",\"valueRequired\":true,\"valueName\":\"search_term_string\"}}],\"inLanguage\":\"en-US\"}]}<\/script>\n<!-- \/ Yoast SEO plugin. -->","yoast_head_json":{"title":"Main practice areas - Uzsoki \u00dcgyv\u00e9di Iroda","robots":{"index":"index","follow":"follow","max-snippet":"max-snippet:-1","max-image-preview":"max-image-preview:large","max-video-preview":"max-video-preview:-1"},"canonical":"https:\/\/druzsoki.hu\/en\/main-practice-areas\/","og_locale":"en_US","og_type":"article","og_title":"Main practice areas - Uzsoki \u00dcgyv\u00e9di Iroda","og_description":"Main practice areasCorporate law, company law company law issues related to foundation and operation of business associations complex corporate law transactions (merger, division, capital transactions) the legal environment of public limited (listed) companies, capital market regulations complex corporate governance issues concerning the operation of multinational corporations, groups Mergers &amp; Acquisitions legal tasks regarding M&amp;A transactions [&hellip;]","og_url":"https:\/\/druzsoki.hu\/en\/main-practice-areas\/","og_site_name":"Uzsoki \u00dcgyv\u00e9di Iroda","article_modified_time":"2022-09-14T08:33:54+00:00","og_image":[{"width":1125,"height":633,"url":"https:\/\/druzsoki.hu\/wp-content\/uploads\/2022\/09\/Uzsoki-Ugyvedi-Iroda-og.jpg","type":"image\/jpeg"}],"twitter_card":"summary_large_image","twitter_misc":{"Est. reading time":"4 minutes"},"schema":{"@context":"https:\/\/schema.org","@graph":[{"@type":"WebPage","@id":"https:\/\/druzsoki.hu\/en\/main-practice-areas\/","url":"https:\/\/druzsoki.hu\/en\/main-practice-areas\/","name":"Main practice areas - Uzsoki \u00dcgyv\u00e9di Iroda","isPartOf":{"@id":"https:\/\/druzsoki.hu\/#website"},"datePublished":"2022-08-18T19:26:46+00:00","dateModified":"2022-09-14T08:33:54+00:00","breadcrumb":{"@id":"https:\/\/druzsoki.hu\/en\/main-practice-areas\/#breadcrumb"},"inLanguage":"en-US","potentialAction":[{"@type":"ReadAction","target":["https:\/\/druzsoki.hu\/en\/main-practice-areas\/"]}]},{"@type":"BreadcrumbList","@id":"https:\/\/druzsoki.hu\/en\/main-practice-areas\/#breadcrumb","itemListElement":[{"@type":"ListItem","position":1,"name":"Kezd\u0151lap","item":"https:\/\/druzsoki.hu\/en\/"},{"@type":"ListItem","position":2,"name":"Main practice areas"}]},{"@type":"WebSite","@id":"https:\/\/druzsoki.hu\/#website","url":"https:\/\/druzsoki.hu\/","name":"Uzsoki \u00dcgyv\u00e9di Iroda","description":"Egy \u00fajabb WordPress honlap","potentialAction":[{"@type":"SearchAction","target":{"@type":"EntryPoint","urlTemplate":"https:\/\/druzsoki.hu\/?s={search_term_string}"},"query-input":{"@type":"PropertyValueSpecification","valueRequired":true,"valueName":"search_term_string"}}],"inLanguage":"en-US"}]}},"_links":{"self":[{"href":"https:\/\/druzsoki.hu\/en\/wp-json\/wp\/v2\/pages\/232","targetHints":{"allow":["GET"]}}],"collection":[{"href":"https:\/\/druzsoki.hu\/en\/wp-json\/wp\/v2\/pages"}],"about":[{"href":"https:\/\/druzsoki.hu\/en\/wp-json\/wp\/v2\/types\/page"}],"author":[{"embeddable":true,"href":"https:\/\/druzsoki.hu\/en\/wp-json\/wp\/v2\/users\/1"}],"replies":[{"embeddable":true,"href":"https:\/\/druzsoki.hu\/en\/wp-json\/wp\/v2\/comments?post=232"}],"version-history":[{"count":4,"href":"https:\/\/druzsoki.hu\/en\/wp-json\/wp\/v2\/pages\/232\/revisions"}],"predecessor-version":[{"id":251,"href":"https:\/\/druzsoki.hu\/en\/wp-json\/wp\/v2\/pages\/232\/revisions\/251"}],"wp:attachment":[{"href":"https:\/\/druzsoki.hu\/en\/wp-json\/wp\/v2\/media?parent=232"}],"curies":[{"name":"wp","href":"https:\/\/api.w.org\/{rel}","templated":true}]}}