{"id":228,"date":"2022-08-18T19:27:03","date_gmt":"2022-08-18T19:27:03","guid":{"rendered":"https:\/\/druzsoki.hu\/blog\/"},"modified":"2022-09-12T17:46:23","modified_gmt":"2022-09-12T17:46:23","slug":"blog","status":"publish","type":"page","link":"https:\/\/druzsoki.hu\/en\/blog\/","title":{"rendered":"Blog"},"content":{"rendered":"<p>[et_pb_section fb_built=&#8221;1&#8243; admin_label=&#8221;Szakasz&#8221; _builder_version=&#8221;4.18.0&#8243; _module_preset=&#8221;default&#8221; background_image=&#8221;https:\/\/druzsoki.hu\/wp-content\/uploads\/2022\/08\/blog-background.jpg&#8221; background_enable_video_mp4=&#8221;off&#8221; vertical_offset=&#8221;0px&#8221; custom_padding=&#8221;0px||0px||false|false&#8221; bottom_divider_style=&#8221;curve&#8221; bottom_divider_color=&#8221;#FFFFFF&#8221; bottom_divider_height=&#8221;50px&#8221; custom_css_before=&#8221;content:%22%22;||    display: block;||    position: absolute;||    top: 0;||    left: 0;||    width: 100%;||    height: 100%;||    background-color: rgba(0,1,56,0.7);||    z-index: 1;&#8221; global_colors_info=&#8221;{}&#8221;][et_pb_row _builder_version=&#8221;4.18.0&#8243; _module_preset=&#8221;default&#8221; background_enable_color=&#8221;off&#8221; custom_margin=&#8221;||||false|false&#8221; custom_padding=&#8221;100px||100px||false|false&#8221; global_colors_info=&#8221;{}&#8221;][et_pb_column type=&#8221;4_4&#8243; _builder_version=&#8221;4.18.0&#8243; _module_preset=&#8221;default&#8221; global_colors_info=&#8221;{}&#8221;][et_pb_text _builder_version=&#8221;4.18.0&#8243; _module_preset=&#8221;default&#8221; text_font=&#8221;Raleway|700||on|||||&#8221; text_text_color=&#8221;#FFFFFF&#8221; text_font_size=&#8221;50px&#8221; text_letter_spacing=&#8221;1px&#8221; text_line_height=&#8221;1.5em&#8221; text_orientation=&#8221;center&#8221; custom_margin=&#8221;||0px|100px|false|false&#8221; custom_padding=&#8221;||0px||false|false&#8221; text_font_size_tablet=&#8221;30px&#8221; text_font_size_phone=&#8221;24px&#8221; text_font_size_last_edited=&#8221;on|desktop&#8221; global_colors_info=&#8221;{}&#8221;]<\/p>\n<p>Blog<\/p>\n<p>[\/et_pb_text][\/et_pb_column][\/et_pb_row][\/et_pb_section][et_pb_section fb_built=&#8221;1&#8243; _builder_version=&#8221;4.18.0&#8243; _module_preset=&#8221;default&#8221; bottom_divider_height=&#8221;50px&#8221; global_colors_info=&#8221;{}&#8221;][et_pb_row column_structure=&#8221;3_4,1_4&#8243; _builder_version=&#8221;4.18.0&#8243; _module_preset=&#8221;default&#8221; global_colors_info=&#8221;{}&#8221;][et_pb_column type=&#8221;3_4&#8243; _builder_version=&#8221;4.18.0&#8243; _module_preset=&#8221;default&#8221; global_colors_info=&#8221;{}&#8221;][et_pb_blog include_categories=&#8221;all&#8221; meta_date=&#8221;Y. F j.&#8221; show_author=&#8221;off&#8221; show_categories=&#8221;off&#8221; module_class=&#8221;dtb-blog&#8221; _builder_version=&#8221;4.18.0&#8243; _module_preset=&#8221;default&#8221; header_font=&#8221;|700||on|||||&#8221; header_text_color=&#8221;#34358c&#8221; header_font_size=&#8221;18px&#8221; meta_font_size=&#8221;13px&#8221; global_colors_info=&#8221;{}&#8221;][\/et_pb_blog][\/et_pb_column][et_pb_column type=&#8221;1_4&#8243; _builder_version=&#8221;4.18.0&#8243; _module_preset=&#8221;default&#8221; global_colors_info=&#8221;{}&#8221;][et_pb_sidebar orientation=&#8221;right&#8221; _builder_version=&#8221;4.18.0&#8243; _module_preset=&#8221;default&#8221; header_font=&#8221;|700||on|||||&#8221; header_text_color=&#8221;#34358c&#8221; header_letter_spacing=&#8221;1px&#8221; header_line_height=&#8221;1.3em&#8221; global_colors_info=&#8221;{}&#8221;][\/et_pb_sidebar][\/et_pb_column][\/et_pb_row][\/et_pb_section]<\/p>\n","protected":false},"excerpt":{"rendered":"<p>Blog<\/p>\n","protected":false},"author":1,"featured_media":0,"parent":0,"menu_order":0,"comment_status":"closed","ping_status":"closed","template":"","meta":{"_et_pb_use_builder":"on","_et_pb_old_content":"","_et_gb_content_width":"","footnotes":""},"class_list":["post-228","page","type-page","status-publish","hentry"],"yoast_head":"<!-- This site is optimized with the Yoast SEO plugin v27.2 - https:\/\/yoast.com\/product\/yoast-seo-wordpress\/ -->\n<title>Blog - Uzsoki \u00dcgyv\u00e9di Iroda<\/title>\n<meta name=\"robots\" content=\"index, follow, max-snippet:-1, max-image-preview:large, max-video-preview:-1\" \/>\n<link rel=\"canonical\" href=\"https:\/\/druzsoki.hu\/en\/blog\/\" \/>\n<meta property=\"og:locale\" content=\"en_US\" \/>\n<meta property=\"og:type\" content=\"article\" \/>\n<meta property=\"og:title\" content=\"Blog - Uzsoki \u00dcgyv\u00e9di Iroda\" \/>\n<meta property=\"og:description\" content=\"Blog\" \/>\n<meta property=\"og:url\" content=\"https:\/\/druzsoki.hu\/en\/blog\/\" \/>\n<meta property=\"og:site_name\" content=\"Uzsoki \u00dcgyv\u00e9di Iroda\" \/>\n<meta property=\"article:modified_time\" content=\"2022-09-12T17:46:23+00:00\" \/>\n<meta property=\"og:image\" content=\"https:\/\/druzsoki.hu\/wp-content\/uploads\/2022\/09\/Uzsoki-Ugyvedi-Iroda-og.jpg\" \/>\n\t<meta property=\"og:image:width\" content=\"1125\" \/>\n\t<meta property=\"og:image:height\" content=\"633\" \/>\n\t<meta property=\"og:image:type\" content=\"image\/jpeg\" \/>\n<meta name=\"twitter:card\" content=\"summary_large_image\" \/>\n<meta name=\"twitter:label1\" content=\"Est. reading time\" \/>\n\t<meta name=\"twitter:data1\" content=\"2 minutes\" \/>\n<script type=\"application\/ld+json\" class=\"yoast-schema-graph\">{\"@context\":\"https:\/\/schema.org\",\"@graph\":[{\"@type\":\"WebPage\",\"@id\":\"https:\/\/druzsoki.hu\/en\/blog\/\",\"url\":\"https:\/\/druzsoki.hu\/en\/blog\/\",\"name\":\"Blog - Uzsoki \u00dcgyv\u00e9di Iroda\",\"isPartOf\":{\"@id\":\"https:\/\/druzsoki.hu\/#website\"},\"datePublished\":\"2022-08-18T19:27:03+00:00\",\"dateModified\":\"2022-09-12T17:46:23+00:00\",\"breadcrumb\":{\"@id\":\"https:\/\/druzsoki.hu\/en\/blog\/#breadcrumb\"},\"inLanguage\":\"en-US\",\"potentialAction\":[{\"@type\":\"ReadAction\",\"target\":[\"https:\/\/druzsoki.hu\/en\/blog\/\"]}]},{\"@type\":\"BreadcrumbList\",\"@id\":\"https:\/\/druzsoki.hu\/en\/blog\/#breadcrumb\",\"itemListElement\":[{\"@type\":\"ListItem\",\"position\":1,\"name\":\"Kezd\u0151lap\",\"item\":\"https:\/\/druzsoki.hu\/en\/\"},{\"@type\":\"ListItem\",\"position\":2,\"name\":\"Blog\"}]},{\"@type\":\"WebSite\",\"@id\":\"https:\/\/druzsoki.hu\/#website\",\"url\":\"https:\/\/druzsoki.hu\/\",\"name\":\"Uzsoki \u00dcgyv\u00e9di Iroda\",\"description\":\"Egy \u00fajabb WordPress honlap\",\"potentialAction\":[{\"@type\":\"SearchAction\",\"target\":{\"@type\":\"EntryPoint\",\"urlTemplate\":\"https:\/\/druzsoki.hu\/?s={search_term_string}\"},\"query-input\":{\"@type\":\"PropertyValueSpecification\",\"valueRequired\":true,\"valueName\":\"search_term_string\"}}],\"inLanguage\":\"en-US\"}]}<\/script>\n<!-- \/ Yoast SEO plugin. -->","yoast_head_json":{"title":"Blog - Uzsoki \u00dcgyv\u00e9di Iroda","robots":{"index":"index","follow":"follow","max-snippet":"max-snippet:-1","max-image-preview":"max-image-preview:large","max-video-preview":"max-video-preview:-1"},"canonical":"https:\/\/druzsoki.hu\/en\/blog\/","og_locale":"en_US","og_type":"article","og_title":"Blog - Uzsoki \u00dcgyv\u00e9di Iroda","og_description":"Blog","og_url":"https:\/\/druzsoki.hu\/en\/blog\/","og_site_name":"Uzsoki \u00dcgyv\u00e9di Iroda","article_modified_time":"2022-09-12T17:46:23+00:00","og_image":[{"width":1125,"height":633,"url":"https:\/\/druzsoki.hu\/wp-content\/uploads\/2022\/09\/Uzsoki-Ugyvedi-Iroda-og.jpg","type":"image\/jpeg"}],"twitter_card":"summary_large_image","twitter_misc":{"Est. reading time":"2 minutes"},"schema":{"@context":"https:\/\/schema.org","@graph":[{"@type":"WebPage","@id":"https:\/\/druzsoki.hu\/en\/blog\/","url":"https:\/\/druzsoki.hu\/en\/blog\/","name":"Blog - Uzsoki \u00dcgyv\u00e9di Iroda","isPartOf":{"@id":"https:\/\/druzsoki.hu\/#website"},"datePublished":"2022-08-18T19:27:03+00:00","dateModified":"2022-09-12T17:46:23+00:00","breadcrumb":{"@id":"https:\/\/druzsoki.hu\/en\/blog\/#breadcrumb"},"inLanguage":"en-US","potentialAction":[{"@type":"ReadAction","target":["https:\/\/druzsoki.hu\/en\/blog\/"]}]},{"@type":"BreadcrumbList","@id":"https:\/\/druzsoki.hu\/en\/blog\/#breadcrumb","itemListElement":[{"@type":"ListItem","position":1,"name":"Kezd\u0151lap","item":"https:\/\/druzsoki.hu\/en\/"},{"@type":"ListItem","position":2,"name":"Blog"}]},{"@type":"WebSite","@id":"https:\/\/druzsoki.hu\/#website","url":"https:\/\/druzsoki.hu\/","name":"Uzsoki \u00dcgyv\u00e9di Iroda","description":"Egy \u00fajabb WordPress honlap","potentialAction":[{"@type":"SearchAction","target":{"@type":"EntryPoint","urlTemplate":"https:\/\/druzsoki.hu\/?s={search_term_string}"},"query-input":{"@type":"PropertyValueSpecification","valueRequired":true,"valueName":"search_term_string"}}],"inLanguage":"en-US"}]}},"_links":{"self":[{"href":"https:\/\/druzsoki.hu\/en\/wp-json\/wp\/v2\/pages\/228","targetHints":{"allow":["GET"]}}],"collection":[{"href":"https:\/\/druzsoki.hu\/en\/wp-json\/wp\/v2\/pages"}],"about":[{"href":"https:\/\/druzsoki.hu\/en\/wp-json\/wp\/v2\/types\/page"}],"author":[{"embeddable":true,"href":"https:\/\/druzsoki.hu\/en\/wp-json\/wp\/v2\/users\/1"}],"replies":[{"embeddable":true,"href":"https:\/\/druzsoki.hu\/en\/wp-json\/wp\/v2\/comments?post=228"}],"version-history":[{"count":1,"href":"https:\/\/druzsoki.hu\/en\/wp-json\/wp\/v2\/pages\/228\/revisions"}],"predecessor-version":[{"id":234,"href":"https:\/\/druzsoki.hu\/en\/wp-json\/wp\/v2\/pages\/228\/revisions\/234"}],"wp:attachment":[{"href":"https:\/\/druzsoki.hu\/en\/wp-json\/wp\/v2\/media?parent=228"}],"curies":[{"name":"wp","href":"https:\/\/api.w.org\/{rel}","templated":true}]}}